{"id":112,"date":"2022-05-25T09:59:57","date_gmt":"2022-05-25T13:59:57","guid":{"rendered":"https:\/\/lasquim.ufms.br\/?page_id=112"},"modified":"2022-05-25T10:04:30","modified_gmt":"2022-05-25T14:04:30","slug":"bem-vindos","status":"publish","type":"page","link":"https:\/\/lasquim.ufms.br\/en\/","title":{"rendered":"Bem-vindos!"},"content":{"rendered":"<p><img fetchpriority=\"high\" decoding=\"async\" class=\"size-medium wp-image-117 alignleft\" src=\"https:\/\/lasquim.ufms.br\/files\/2022\/05\/Paliteiro-1-300x200.jpg\" alt=\"\" width=\"300\" height=\"200\" srcset=\"https:\/\/lasquim.ufms.br\/files\/2022\/05\/Paliteiro-1-300x200.jpg 300w, https:\/\/lasquim.ufms.br\/files\/2022\/05\/Paliteiro-1-768x512.jpg 768w, https:\/\/lasquim.ufms.br\/files\/2022\/05\/Paliteiro-1-480x320.jpg 480w, https:\/\/lasquim.ufms.br\/files\/2022\/05\/Paliteiro-1-350x233.jpg 350w, https:\/\/lasquim.ufms.br\/files\/2022\/05\/Paliteiro-1.jpg 1024w\" sizes=\"(max-width: 300px) 100vw, 300px\" \/>Bem-vindo ao site do Laborat\u00f3rio de S\u00edntese e Qu\u00edmica Medicinal (LASQUIM). O laborat\u00f3rio integra a Faculdade de Ci\u00eancias Farmac\u00eauticas, Alimentos e Nutri\u00e7\u00e3o (FACFAN) da Universidade Federal de Mato Grosso do Sul.<\/p>\n<p>Aqui voc\u00ea encontra informa\u00e7\u00f5es sobre o laborat\u00f3rio, principais publica\u00e7\u00f5es, conte\u00fados relacionados \u00e0 ci\u00eancia, not\u00edcias e muito mais.<\/p>\n<p>Venha conhecer a nossa hist\u00f3ria e quem somos. Fique \u00e0 vontade e boa navega\u00e7\u00e3o!<\/p>\n","protected":false},"excerpt":{"rendered":"<p>Bem-vindo ao site do Laborat\u00f3rio de S\u00edntese e Qu\u00edmica Medicinal (LASQUIM). O laborat\u00f3rio integra a Faculdade de Ci\u00eancias Farmac\u00eauticas, Alimentos e Nutri\u00e7\u00e3o (FACFAN) da Universidade Federal de Mato Grosso do Sul. Aqui voc\u00ea encontra informa\u00e7\u00f5es sobre o laborat\u00f3rio, principais publica\u00e7\u00f5es, conte\u00fados relacionados \u00e0 ci\u00eancia, not\u00edcias e muito mais. Venha conhecer a nossa hist\u00f3ria e quem [&hellip;]<\/p>\n","protected":false},"author":27132,"featured_media":114,"parent":0,"menu_order":0,"comment_status":"closed","ping_status":"closed","template":"","meta":{"footnotes":""},"coauthors":[],"class_list":["post-112","page","type-page","status-publish","has-post-thumbnail","hentry"],"_links":{"self":[{"href":"https:\/\/lasquim.ufms.br\/en\/wp-json\/wp\/v2\/pages\/112","targetHints":{"allow":["GET"]}}],"collection":[{"href":"https:\/\/lasquim.ufms.br\/en\/wp-json\/wp\/v2\/pages"}],"about":[{"href":"https:\/\/lasquim.ufms.br\/en\/wp-json\/wp\/v2\/types\/page"}],"author":[{"embeddable":true,"href":"https:\/\/lasquim.ufms.br\/en\/wp-json\/wp\/v2\/users\/27132"}],"replies":[{"embeddable":true,"href":"https:\/\/lasquim.ufms.br\/en\/wp-json\/wp\/v2\/comments?post=112"}],"version-history":[{"count":4,"href":"https:\/\/lasquim.ufms.br\/en\/wp-json\/wp\/v2\/pages\/112\/revisions"}],"predecessor-version":[{"id":119,"href":"https:\/\/lasquim.ufms.br\/en\/wp-json\/wp\/v2\/pages\/112\/revisions\/119"}],"wp:featuredmedia":[{"embeddable":true,"href":"https:\/\/lasquim.ufms.br\/en\/wp-json\/wp\/v2\/media\/114"}],"wp:attachment":[{"href":"https:\/\/lasquim.ufms.br\/en\/wp-json\/wp\/v2\/media?parent=112"}],"wp:term":[{"taxonomy":"author","embeddable":true,"href":"https:\/\/lasquim.ufms.br\/en\/wp-json\/wp\/v2\/coauthors?post=112"}],"curies":[{"name":"wp","href":"https:\/\/api.w.org\/{rel}","templated":true}]}}