{"id":45,"date":"2022-05-24T09:50:13","date_gmt":"2022-05-24T13:50:13","guid":{"rendered":"https:\/\/lasquim.ufms.br\/?page_id=45"},"modified":"2023-04-10T08:37:26","modified_gmt":"2023-04-10T12:37:26","slug":"pesquisadores","status":"publish","type":"page","link":"https:\/\/lasquim.ufms.br\/en\/pesquisadores\/","title":{"rendered":"Pesquisadores"},"content":{"rendered":"<p><strong>COORDENADOR<\/strong><\/p>\n<p><img decoding=\"async\" class=\"wp-image-135 alignleft\" src=\"https:\/\/lasquim.ufms.br\/files\/2022\/05\/Foto-Adriano-230x300.jpg\" alt=\"\" width=\"128\" height=\"167\" srcset=\"https:\/\/lasquim.ufms.br\/files\/2022\/05\/Foto-Adriano-230x300.jpg 230w, https:\/\/lasquim.ufms.br\/files\/2022\/05\/Foto-Adriano-245x320.jpg 245w, https:\/\/lasquim.ufms.br\/files\/2022\/05\/Foto-Adriano.jpg 289w\" sizes=\"(max-width: 128px) 100vw, 128px\" \/><a href=\"http:\/\/buscatextual.cnpq.br\/buscatextual\/visualizacv.do?id=K4784703A4&amp;tokenCaptchar=03AGdBq25qNROJSOqo8_WYaAEPsd4gSlMM6KqRo3JazgI66z5MuzKzKgcOLnvKPOUQZzOvO22QzuLU3f7oN700B04640TUhkeX8SwkzFMByJXnqM0r-dox1Ub53o0nEkDJ2CoKT0Rfvoi8PRsCXJQPYBD6fwr_uamIqKOuojJrWpLl9Gh0nclI3Fd3JYdagOak5KQeJRP6E7Viotci029ur58CdY0k-FXwmPkP5Rn49jvJzfcLNnBNeJjx10wnHWBJh_Lv2I9lvp1E0_TJr5EO-J37fA7rQOuQ3Jltj-cHes370H72blN4OWsqvK2cO4PD2gGhIA1VM34b0BB9dWRAholrlNJyocqKN7K_06VCDFCIyZ9VtvKu1vsRHkhwuYk7MoU7vZJS71nNI9DQCMwSqaAJqGtMsT46cjVWgot8ud-LD87N1s11nTk-Khr1T5VA9jKPfJNftCH8XwpjhpbOUkQzjQXxF_rh_w\" target=\"_blank\" rel=\"noopener\">Prof. Dr. Adriano Cesar de Morais Baroni<\/a><\/p>\n<p>Fundador e coordenador do LASQUIM-UFMS. Possui gradua\u00e7\u00e3o em Farmacia Industrial pela Faculdade de Ci\u00eancias Farmac\u00eauticas de Ribeir\u00e3o Preto (1991), mestrado em Qu\u00edmica Org\u00e2nica (1995) e doutorado em Qu\u00edmica pela FFCLRP &#8211; Universidade de S\u00e3o Paulo (2002). Atualmente \u00e9 professor Titular da Universidade Federal de Mato Grosso do Sul.<\/p>\n<p>Email: adriano.baroni@ufms.br<\/p>\n<p>&nbsp;<\/p>\n<p>&nbsp;<\/p>\n<p><strong>APOIO T\u00c9CNICO<\/strong><\/p>\n<p><img decoding=\"async\" class=\"wp-image-137 alignleft\" src=\"https:\/\/lasquim.ufms.br\/files\/2022\/05\/Foto-Diego-225x300.jpg\" alt=\"\" width=\"135\" height=\"180\" srcset=\"https:\/\/lasquim.ufms.br\/files\/2022\/05\/Foto-Diego-225x300.jpg 225w, https:\/\/lasquim.ufms.br\/files\/2022\/05\/Foto-Diego-768x1024.jpg 768w, https:\/\/lasquim.ufms.br\/files\/2022\/05\/Foto-Diego-1152x1536.jpg 1152w, https:\/\/lasquim.ufms.br\/files\/2022\/05\/Foto-Diego-1536x2048.jpg 1536w, https:\/\/lasquim.ufms.br\/files\/2022\/05\/Foto-Diego-240x320.jpg 240w, https:\/\/lasquim.ufms.br\/files\/2022\/05\/Foto-Diego-scaled.jpg 1920w\" sizes=\"(max-width: 135px) 100vw, 135px\" \/><\/p>\n<p><a href=\"http:\/\/buscatextual.cnpq.br\/buscatextual\/visualizacv.do?id=K4493912A3&amp;tokenCaptchar=03AGdBq27GPrHY94BZBnhq72h_rjvn2Bg7wrz7B9khZFab9WV5oLbT1TuRsiyG-E2q5lvwiwJKjMX0TB7hsYJe4xp0s4rTNISkosnq2i1IDSMgtj3uDguUDYDe8Do_7ZgCKYOXL6jBowSXn_CNmLo1TBWmu70L2_qZCIKsEj9OK3UXyo9VYBw5hIDqzZ_QMngV_PrC375tZ9OeJ666J-P6HP4G4i7UycP50fCVTSrOC-QHymr80IJfrcPmx-AQWX2Zss_2m1UUPqBFPHUd5ULaF0MhyJG_6aeFmq5dPQj2d_EVvsDpfI6A1ZnjKyVs9Lt0Dg3kaJRkyln0lyZC9ZMLrqaFums2EJa8c3t8n5HdHYNWSju_WlPd4iW1MpoM5OmELi3ETAg1kNnr8VR_v3NM4ztpJpsdPVCOEAcRTElGS-hm-nKMHz7jZeh2Hjz7Xag8f-gBY9xfxeV9f_2vNGsuXWZYaICFoDMDUw\" target=\"_blank\" rel=\"noopener\">Dr. Diego Bento de Carvalho<\/a><\/p>\n<p>Bacharel em Farm\u00e1cia pela Universidade Federal de Mato Grosso do Sul (2013). Mestrado (2015) e doutorado (2020) em Qu\u00edmica pela Universidade Federal de Mato Grosso do Sul &#8211; UFMS. Atualmente \u00e9 t\u00e9cnico e pesquisador do LASQUIM-UFMS.<\/p>\n<p>Email: diego.carvalho@ufms.br<\/p>\n<p>&nbsp;<\/p>\n<p>&nbsp;<\/p>\n<p>&nbsp;<\/p>\n<p><img decoding=\"async\" class=\" wp-image-136 alignleft\" src=\"https:\/\/lasquim.ufms.br\/files\/2022\/05\/Foto-Cris.jpeg\" alt=\"\" width=\"137\" height=\"159\" \/><\/p>\n<p><a href=\"http:\/\/buscatextual.cnpq.br\/buscatextual\/visualizacv.do?id=K4735739T5&amp;tokenCaptchar=03AGdBq24TeKlSgPtATr3PVC5qemg9Et3KUxdADYoUnO8aHNnLJol2SJTAgWtxe5SKTRh9n3iz3AkTcrYIR-bZbEk07CmKMGfPgmh0VyoB1dhdP95WqomNWVpKMlIUkot0tSp7eRYnCEc0AFJC6mt0hpgpeG71hiYfp1HSmPPNtZe3n2bIefkcMYwL3m96O3V2iZFg97zCcwvL0tAzAD7w15SG58CGxiiS7GrdgORtoiq4Il0bp0oKAJ-IDI2f9oUJzM9B8kQxe2qiYgh0HHL8CXpAOJAU-0EJpWE36ns_SFwb4v8sCjX7OOEGyd8IVlmUbo7-b1X6SZTWpeGMyQZpZ7eqTuRvWXt-AV8gjvjfnmR-c6I3k_O48i_D5Z7rxri_qGhSEgfkoKWCS1exRRn4hZs0C5wDiww1b92x53otEmS_Pq9sWf7mWSFDyvzFr5Jk7iWft3svJ8Z5dSkVUVpBfBAKI3QM5cxSNQ\" target=\"_blank\" rel=\"noopener\">Dra. Cristiane Yuriko Kawasoko Shiguemoto<\/a><\/p>\n<p>Possui gradua\u00e7\u00e3o em Farm\u00e1cia pela Universidade Federal do Mato Grosso do Sul (2004), Mestrado em Qu\u00edmica tamb\u00e9m pela mesma universidade (2007) e Doutorado em Qu\u00edmica pela Universidade Federal de Santa Maria (2012). Atualmente, \u00e9 t\u00e9cnica e pesquisadora do LASQUIM-UFMS.<\/p>\n<p>Email: cristiane.kawasoko@ufms.br<\/p>\n","protected":false},"excerpt":{"rendered":"<p>COORDENADOR Prof. Dr. Adriano Cesar de Morais Baroni Fundador e coordenador do LASQUIM-UFMS. Possui gradua\u00e7\u00e3o em Farmacia Industrial pela Faculdade de Ci\u00eancias Farmac\u00eauticas de Ribeir\u00e3o Preto (1991), mestrado em Qu\u00edmica Org\u00e2nica (1995) e doutorado em Qu\u00edmica pela FFCLRP &#8211; Universidade de S\u00e3o Paulo (2002). Atualmente \u00e9 professor Titular da Universidade Federal de Mato Grosso do [&hellip;]<\/p>\n","protected":false},"author":27132,"featured_media":0,"parent":0,"menu_order":0,"comment_status":"closed","ping_status":"closed","template":"","meta":{"footnotes":""},"coauthors":[],"class_list":["post-45","page","type-page","status-publish","hentry"],"_links":{"self":[{"href":"https:\/\/lasquim.ufms.br\/en\/wp-json\/wp\/v2\/pages\/45","targetHints":{"allow":["GET"]}}],"collection":[{"href":"https:\/\/lasquim.ufms.br\/en\/wp-json\/wp\/v2\/pages"}],"about":[{"href":"https:\/\/lasquim.ufms.br\/en\/wp-json\/wp\/v2\/types\/page"}],"author":[{"embeddable":true,"href":"https:\/\/lasquim.ufms.br\/en\/wp-json\/wp\/v2\/users\/27132"}],"replies":[{"embeddable":true,"href":"https:\/\/lasquim.ufms.br\/en\/wp-json\/wp\/v2\/comments?post=45"}],"version-history":[{"count":6,"href":"https:\/\/lasquim.ufms.br\/en\/wp-json\/wp\/v2\/pages\/45\/revisions"}],"predecessor-version":[{"id":172,"href":"https:\/\/lasquim.ufms.br\/en\/wp-json\/wp\/v2\/pages\/45\/revisions\/172"}],"wp:attachment":[{"href":"https:\/\/lasquim.ufms.br\/en\/wp-json\/wp\/v2\/media?parent=45"}],"wp:term":[{"taxonomy":"author","embeddable":true,"href":"https:\/\/lasquim.ufms.br\/en\/wp-json\/wp\/v2\/coauthors?post=45"}],"curies":[{"name":"wp","href":"https:\/\/api.w.org\/{rel}","templated":true}]}}